{"id":22989,"date":"2019-05-27T15:04:06","date_gmt":"2019-05-27T15:04:06","guid":{"rendered":"https:\/\/www.cetm.es\/solred-2\/"},"modified":"2019-05-27T15:04:06","modified_gmt":"2019-05-27T15:04:06","slug":"solred","status":"publish","type":"page","link":"https:\/\/www.cetm.es\/en\/solred\/","title":{"rendered":"Solred"},"content":{"rendered":"<p>[et_pb_section fb_built=&#8221;1&#8243; module_id=&#8221;acuerdo&#8221; _builder_version=&#8221;4.16&#8243; custom_padding=&#8221;0px|||||&#8221; global_colors_info=&#8221;{}&#8221;][et_pb_row _builder_version=&#8221;4.17.3&#8243; link_option_url=&#8221;https:\/\/www.cetm.es\/relacion-de-estaciones-de-servicios\/&#8221; link_option_url_new_window=&#8221;on&#8221; global_colors_info=&#8221;{}&#8221;][et_pb_column type=&#8221;4_4&#8243; _builder_version=&#8221;4.16&#8243; custom_padding=&#8221;|||&#8221; global_colors_info=&#8221;{}&#8221; custom_padding__hover=&#8221;|||&#8221;][et_pb_image src=&#8221;https:\/\/www.cetm.es\/add\/Solred\/Imagenes\/Acuerdo-CETM-Solred2025-5.jpg&#8221; url=&#8221;https:\/\/www.cetm.es\/relacion-de-estaciones-de-servicios-2\/&#8221; align=&#8221;center&#8221; force_fullwidth=&#8221;on&#8221; align_tablet=&#8221;center&#8221; align_phone=&#8221;&#8221; align_last_edited=&#8221;on|desktop&#8221; admin_label=&#8221;https:\/\/www.cetm.es\/add\/Solred\/Imagenes\/Acuerdo-CETM-Solred2025-5.jpg&#8221; _builder_version=&#8221;4.27.4&#8243; z_index_tablet=&#8221;500&#8243; global_colors_info=&#8221;{}&#8221;][\/et_pb_image][\/et_pb_column][\/et_pb_row][\/et_pb_section][et_pb_section fb_built=&#8221;1&#8243; module_id=&#8221;precio&#8221; _builder_version=&#8221;4.16&#8243; custom_padding=&#8221;0|0px|0|0px&#8221; global_colors_info=&#8221;{}&#8221;][et_pb_row _builder_version=&#8221;4.16&#8243; custom_padding=&#8221;27px|0px|5px|0px&#8221; global_colors_info=&#8221;{}&#8221;][et_pb_column type=&#8221;4_4&#8243; _builder_version=&#8221;4.16&#8243; custom_padding=&#8221;|||&#8221; global_colors_info=&#8221;{}&#8221; custom_padding__hover=&#8221;|||&#8221;][et_pb_text admin_label=&#8221;Precio profesional&#8221; _builder_version=&#8221;4.16&#8243; custom_margin=&#8221;-16px|||||&#8221; z_index_tablet=&#8221;500&#8243; global_colors_info=&#8221;{}&#8221;]<\/p>\n<p style=\"text-align: center;\"><span style=\"font-size: xx-large;\">Precio profesional<\/span><\/p>\n<p>[\/et_pb_text][\/et_pb_column][\/et_pb_row][et_pb_row _builder_version=&#8221;4.16&#8243; custom_padding=&#8221;0|0px|0|0px&#8221; global_colors_info=&#8221;{}&#8221;][et_pb_column type=&#8221;4_4&#8243; _builder_version=&#8221;4.16&#8243; custom_padding=&#8221;|||&#8221; global_colors_info=&#8221;{}&#8221; custom_padding__hover=&#8221;|||&#8221;][et_pb_text _builder_version=&#8221;4.27.4&#8243; inline_fonts=&#8221;Abel&#8221; global_colors_info=&#8221;{}&#8221;]<\/p>\n<p><span style=\"font-family: Abel; font-weight: normal; font-size: large;\"><strong>\u00bfQu\u00e9 es el precio profesional? <\/strong><\/span><\/p>\n<ul>\n<li>\n<h3><span style=\"font-family: Abel; font-weight: normal; font-size: large;\">Es un precio de car\u00e1cter semanal que ofrece <strong>SOLRED<\/strong> a los clientes profesionales del transporte y sobre el que se aplicar\u00e1n el descuento acordado para cada Estaci\u00f3n de Servicio dentro del acuerdo entre <strong>Solred-CETM<\/strong>.<\/span><\/h3>\n<\/li>\n<li>\n<h3><span style=\"font-family: Abel; font-weight: normal; font-size: large;\">No obstante, si el Precio Surtidor sin descuento fuera menor al Precio <strong>Profesional con Descuentos <\/strong>se aplicar\u00eda el primero.<\/span><\/h3>\n<\/li>\n<\/ul>\n<h3><span style=\"font-family: Abel; font-weight: normal; font-size: large;\">\u00a0<strong>Operativa del precio profesional <\/strong><\/span><\/h3>\n<ul>\n<li>\n<h3><span style=\"font-family: Abel; font-weight: normal; font-size: large;\">El cliente ver\u00e1 reflejado en el ticket los litros consumidos.<\/span><\/h3>\n<\/li>\n<li>\n<h3><span style=\"font-family: Abel; font-weight: normal; font-size: large;\">Estos litros deber\u00e1n coincidir con los litros reflejados en factura.<\/span><\/h3>\n<\/li>\n<li>\n<h3><span style=\"font-family: Abel; font-weight: normal; font-size: large;\">El importe en factura NO le coincidir\u00e1, ya que no se le estar\u00e1 facturando seg\u00fan el precio del surtidor, si no al \u201cPrecio Profesional\u201d. Por lo tanto, el cliente ver\u00e1 reflejado el Precio Profesional al que se le ha facturado ese d\u00eda.<\/span><\/h3>\n<\/li>\n<li>\n<h3><span style=\"font-family: Abel; font-weight: normal; font-size: large;\">Si el Precio Surtidor, por el que realiza la operaci\u00f3n el cliente, fuera menor que el Precio Profesional menos los descuentos en ese punto de venta, el sistema le aplicar\u00eda el Precio Surtidor sin descuentos a dicha operaci\u00f3n. En este supuesto, la operaci\u00f3n se marcar\u00e1 en la \u00faltima columna con una \u201cP\u201d para indicar que no se factur\u00f3 a Precio Profesional, sino a Precio Surtidor.<\/span><\/h3>\n<\/li>\n<\/ul>\n<h3><span style=\"font-family: Abel; font-weight: normal; font-size: large;\">\u00a0<strong>Comunicaci\u00f3n <\/strong><\/span><\/h3>\n<ul>\n<li>\n<h3><span style=\"font-family: Abel; font-weight: normal; font-size: large;\">El Precio Profesional vigente estar\u00e1 disponible en la Web de <strong>CETM<\/strong>.<\/span><\/h3>\n<\/li>\n<li>\n<h3><span style=\"font-family: Abel; font-weight: normal; font-size: large;\">Este Precio que se indica es sin IVA.<\/span><\/h3>\n<\/li>\n<li>\n<h3><span style=\"font-family: Abel; font-weight: normal; font-size: large;\">A este Precio final hay que restarle el descuento incluido en el acuerdo Solred-<strong>CETM<\/strong> para cada Estaci\u00f3n de Servicio.<\/span><\/h3>\n<\/li>\n<\/ul>\n<h3><span style=\"font-family: Abel; font-weight: normal; font-size: large;\">\u00a0<strong>Operativa de adhesi\u00f3n <\/strong><\/span><\/h3>\n<ul>\n<li>\n<h3><span style=\"font-family: Abel; font-weight: normal; font-size: large;\">Dar de Alta la Empresa (implica a la totalidad de sus Tarjetas SOLRED), en la opci\u00f3n de \u201cPrecio Profesional\u201d rellenando el <strong>modelo adhesi\u00f3n<\/strong> existente (que se adjunta), para precio Profesional. Todos sus repostajes ser\u00e1n facturados sobre precio profesional vigente a partir del mes siguiente a la fecha de grabaci\u00f3n del citado anexo. El anexo debe estar firmado y sellado en todas las hojas.<\/span><\/h3>\n<\/li>\n<\/ul>\n<p>[\/et_pb_text][\/et_pb_column][\/et_pb_row][et_pb_row column_structure=&#8221;1_2,1_2&#8243; _builder_version=&#8221;4.16&#8243; min_height=&#8221;123px&#8221; custom_padding=&#8221;20px|0px|30px|0px||&#8221; global_colors_info=&#8221;{}&#8221;][et_pb_column type=&#8221;1_2&#8243; _builder_version=&#8221;4.16&#8243; custom_padding=&#8221;|||&#8221; global_colors_info=&#8221;{}&#8221; custom_padding__hover=&#8221;|||&#8221;][et_pb_button button_url=&#8221;\/add\/Solred\/pdf\/SOLRED%20ANEXO%20PRECIO%20PROFESIONAL%201-24.pdf&#8221; url_new_window=&#8221;on&#8221; button_text=&#8221;Adhesi\u00f3n al acuerdo Precio Profesional&#8221; button_alignment=&#8221;center&#8221; _builder_version=&#8221;4.16&#8243; global_colors_info=&#8221;{}&#8221; button_text_size__hover_enabled=&#8221;off&#8221; button_one_text_size__hover_enabled=&#8221;off&#8221; button_two_text_size__hover_enabled=&#8221;off&#8221; button_text_color__hover_enabled=&#8221;off&#8221; button_one_text_color__hover_enabled=&#8221;off&#8221; button_two_text_color__hover_enabled=&#8221;off&#8221; button_border_width__hover_enabled=&#8221;off&#8221; button_one_border_width__hover_enabled=&#8221;off&#8221; button_two_border_width__hover_enabled=&#8221;off&#8221; button_border_color__hover_enabled=&#8221;off&#8221; button_one_border_color__hover_enabled=&#8221;off&#8221; button_two_border_color__hover_enabled=&#8221;off&#8221; button_border_radius__hover_enabled=&#8221;off&#8221; button_one_border_radius__hover_enabled=&#8221;off&#8221; button_two_border_radius__hover_enabled=&#8221;off&#8221; button_letter_spacing__hover_enabled=&#8221;off&#8221; button_one_letter_spacing__hover_enabled=&#8221;off&#8221; button_two_letter_spacing__hover_enabled=&#8221;off&#8221; button_bg_color__hover_enabled=&#8221;off&#8221; button_one_bg_color__hover_enabled=&#8221;off&#8221; button_two_bg_color__hover_enabled=&#8221;off&#8221;][\/et_pb_button][\/et_pb_column][et_pb_column type=&#8221;1_2&#8243; _builder_version=&#8221;4.16&#8243; custom_padding=&#8221;|||&#8221; global_colors_info=&#8221;{}&#8221; custom_padding__hover=&#8221;|||&#8221;][et_pb_button button_url=&#8221;\/add\/Solred\/pdf\/CalculoPrecioProfesional09.04.2026.pdf&#8221; url_new_window=&#8221;on&#8221; button_text=&#8221;C\u00e1lculo del precio&#8221; button_alignment=&#8221;center&#8221; _builder_version=&#8221;4.27.4&#8243; hover_enabled=&#8221;0&#8243; global_colors_info=&#8221;{}&#8221; button_text_size__hover_enabled=&#8221;off&#8221; button_one_text_size__hover_enabled=&#8221;off&#8221; button_two_text_size__hover_enabled=&#8221;off&#8221; button_text_color__hover_enabled=&#8221;off&#8221; button_one_text_color__hover_enabled=&#8221;off&#8221; button_two_text_color__hover_enabled=&#8221;off&#8221; button_border_width__hover_enabled=&#8221;off&#8221; button_one_border_width__hover_enabled=&#8221;off&#8221; button_two_border_width__hover_enabled=&#8221;off&#8221; button_border_color__hover_enabled=&#8221;off&#8221; button_one_border_color__hover_enabled=&#8221;off&#8221; button_two_border_color__hover_enabled=&#8221;off&#8221; button_border_radius__hover_enabled=&#8221;off&#8221; button_one_border_radius__hover_enabled=&#8221;off&#8221; button_two_border_radius__hover_enabled=&#8221;off&#8221; button_letter_spacing__hover_enabled=&#8221;off&#8221; button_one_letter_spacing__hover_enabled=&#8221;off&#8221; button_two_letter_spacing__hover_enabled=&#8221;off&#8221; button_bg_color__hover_enabled=&#8221;off&#8221; button_one_bg_color__hover_enabled=&#8221;off&#8221; button_two_bg_color__hover_enabled=&#8221;off&#8221; sticky_enabled=&#8221;0&#8243;][\/et_pb_button][\/et_pb_column][\/et_pb_row][\/et_pb_section][et_pb_section fb_built=&#8221;1&#8243; module_id=&#8221;otros&#8221; _builder_version=&#8221;4.16&#8243; min_height=&#8221;56px&#8221; custom_margin=&#8221;0px||0px|&#8221; custom_padding=&#8221;0px|0px|0|0px||&#8221; global_colors_info=&#8221;{}&#8221;][\/et_pb_section][et_pb_section fb_built=&#8221;1&#8243; admin_label=&#8221;parking&#8221; module_id=&#8221;parking&#8221; _builder_version=&#8221;4.16&#8243; min_height=&#8221;234px&#8221; custom_margin=&#8221;0px||0px|&#8221; custom_padding=&#8221;0|0px|60px|0px||&#8221; global_colors_info=&#8221;{}&#8221;][et_pb_row _builder_version=&#8221;4.16&#8243; min_height=&#8221;99px&#8221; custom_padding=&#8221;27px|0px|0|0px&#8221; global_colors_info=&#8221;{}&#8221;][et_pb_column type=&#8221;4_4&#8243; _builder_version=&#8221;4.16&#8243; custom_padding=&#8221;|||&#8221; global_colors_info=&#8221;{}&#8221; custom_padding__hover=&#8221;|||&#8221;][et_pb_text admin_label=&#8221;Parking seguros&#8221; _builder_version=&#8221;4.16&#8243; z_index_tablet=&#8221;500&#8243; global_colors_info=&#8221;{}&#8221;]<\/p>\n<p style=\"text-align: center;\"><span style=\"font-size: xx-large;\">Parking seguros<\/span><\/p>\n<p>[\/et_pb_text][\/et_pb_column][\/et_pb_row][et_pb_row _builder_version=&#8221;4.16&#8243; custom_padding=&#8221;0px|0px|0px|0px||&#8221; global_colors_info=&#8221;{}&#8221;][et_pb_column type=&#8221;4_4&#8243; _builder_version=&#8221;4.16&#8243; custom_padding=&#8221;|||&#8221; global_colors_info=&#8221;{}&#8221; custom_padding__hover=&#8221;|||&#8221;][et_pb_text _builder_version=&#8221;4.27.4&#8243; custom_margin=&#8221;||32px|||&#8221; inline_fonts=&#8221;Abel&#8221; global_colors_info=&#8221;{}&#8221;]<\/p>\n<p><span style=\"font-family: Abel; font-weight: normal; font-size: large;\">Tras el acuerdo alcanzado entre Repsol y Mowiz Truck (Grupo Eysa), desde el 1 de noviembre los clientes Solred tendr\u00e1n acceso a una red de parking seguros con m\u00e1s de 1.200 plazas.[\/et_pb_text][et_pb_text admin_label=&#8221;Parking seguros&#8221; _builder_version=&#8221;4.16&#8243; z_index_tablet=&#8221;500&#8243; global_colors_info=&#8221;{}&#8221;]<\/p>\n<p style=\"text-align: center;\"><span style=\"font-size: xx-large;\">Parking seguros<\/span><\/p>\n<p>[\/et_pb_text][\/et_pb_column][\/et_pb_row][et_pb_row _builder_version=&#8221;4.27.4&#8243; custom_padding=&#8221;27px|0px|0|0px&#8221; link_option_url=&#8221;https:\/\/www.repsol.es\/landings1\/parking-seguro\/?utm_source=email&#038;utm_medium=email&#038;utm_campaign=rep_mowizagrup_all_2510_solred_all_esp_eng&#8221; link_option_url_new_window=&#8221;on&#8221; global_colors_info=&#8221;{}&#8221;][et_pb_column type=&#8221;4_4&#8243; _builder_version=&#8221;4.16&#8243; custom_padding=&#8221;|||&#8221; global_colors_info=&#8221;{}&#8221; custom_padding__hover=&#8221;|||&#8221;][et_pb_button button_url=&#8221;https:\/\/www.repsol.es\/landings1\/parking-seguro\/?utm_source=email&#038;utm_medium=email&#038;utm_campaign=rep_mowizagrup_all_2510_solred_all_esp_eng&#8221; url_new_window=&#8221;on&#8221; button_text=&#8221;Mas informaci\u00f3n&#8221; button_alignment=&#8221;center&#8221; _builder_version=&#8221;4.27.4&#8243; _module_preset=&#8221;default&#8221; custom_button=&#8221;on&#8221; button_text_size=&#8221;21px&#8221; button_text_color=&#8221;#FFFFFF&#8221; button_bg_color=&#8221;#000000&#8243; button_border_width=&#8221;0px&#8221; button_border_radius=&#8221;30px&#8221; button_letter_spacing=&#8221;1px&#8221; button_font=&#8221;|700|||||||&#8221; button_icon=&#8221;&#x24;||divi||400&#8243; global_colors_info=&#8221;{}&#8221;][\/et_pb_button][et_pb_text _builder_version=&#8221;4.27.4&#8243; _module_preset=&#8221;default&#8221; text_font_size=&#8221;16px&#8221; text_orientation=&#8221;center&#8221; global_colors_info=&#8221;{}&#8221;]<\/p>\n<p><span style=\"font-family: Abel; font-weight: normal; font-size: large;\">Aparca tu flota con la mayor seguridad.<\/span><\/p>\n<p>[\/et_pb_text][\/et_pb_column][\/et_pb_row][et_pb_row column_structure=&#8221;1_3,1_3,1_3&#8243; _builder_version=&#8221;4.27.4&#8243; background_size=&#8221;initial&#8221; background_position=&#8221;top_left&#8221; background_repeat=&#8221;repeat&#8221; custom_margin=&#8221;|auto|19px|auto||&#8221; custom_padding=&#8221;50px|||||&#8221; link_option_url=&#8221;https:\/\/www.repsol.es\/landings1\/parking-seguro\/?utm_source=email&#038;utm_medium=email&#038;utm_campaign=rep_mowizagrup_all_2510_solred_all_esp_eng&#8221; link_option_url_new_window=&#8221;on&#8221; global_colors_info=&#8221;{}&#8221;][et_pb_column type=&#8221;1_3&#8243; _builder_version=&#8221;4.16&#8243; custom_padding=&#8221;|||&#8221; global_colors_info=&#8221;{}&#8221; custom_padding__hover=&#8221;|||&#8221;][\/et_pb_column][et_pb_column type=&#8221;1_3&#8243; _builder_version=&#8221;4.16&#8243; custom_padding=&#8221;|||&#8221; global_colors_info=&#8221;{}&#8221; custom_padding__hover=&#8221;|||&#8221;][et_pb_image src=&#8221;https:\/\/www.cetm.es\/wp-content\/uploads\/2025\/10\/Imagen1.png&#8221; title_text=&#8221;Parkings Seguros&#8221; align_tablet=&#8221;center&#8221; align_phone=&#8221;&#8221; align_last_edited=&#8221;on|desktop&#8221; admin_label=&#8221;2Parking_Seguros_Solred_CETM&#8221; _builder_version=&#8221;4.27.4&#8243; z_index_tablet=&#8221;500&#8243; box_shadow_style=&#8221;preset1&#8243; global_colors_info=&#8221;{}&#8221;][\/et_pb_image][\/et_pb_column][et_pb_column type=&#8221;1_3&#8243; _builder_version=&#8221;4.16&#8243; custom_padding=&#8221;|||&#8221; global_colors_info=&#8221;{}&#8221; custom_padding__hover=&#8221;|||&#8221;][\/et_pb_column][\/et_pb_row][\/et_pb_section]<\/p>\n","protected":false},"excerpt":{"rendered":"<p>[et_pb_section fb_built=&#8221;1&#8243; module_id=&#8221;acuerdo&#8221; _builder_version=&#8221;4.16&#8243; custom_padding=&#8221;0px|||||&#8221; global_colors_info=&#8221;{}&#8221;][et_pb_row _builder_version=&#8221;4.17.3&#8243; link_option_url=&#8221;https:\/\/www.cetm.es\/relacion-de-estaciones-de-servicios\/&#8221; link_option_url_new_window=&#8221;on&#8221; global_colors_info=&#8221;{}&#8221;][et_pb_column type=&#8221;4_4&#8243; _builder_version=&#8221;4.16&#8243; custom_padding=&#8221;|||&#8221; global_colors_info=&#8221;{}&#8221; custom_padding__hover=&#8221;|||&#8221;][et_pb_image src=&#8221;https:\/\/www.cetm.es\/add\/Solred\/Imagenes\/Acuerdo-CETM-Solred2025-5.jpg&#8221; url=&#8221;https:\/\/www.cetm.es\/relacion-de-estaciones-de-servicios-2\/&#8221; align=&#8221;center&#8221; force_fullwidth=&#8221;on&#8221; align_tablet=&#8221;center&#8221; align_phone=&#8221;&#8221; align_last_edited=&#8221;on|desktop&#8221; admin_label=&#8221;https:\/\/www.cetm.es\/add\/Solred\/Imagenes\/Acuerdo-CETM-Solred2025-5.jpg&#8221; _builder_version=&#8221;4.27.4&#8243; z_index_tablet=&#8221;500&#8243; global_colors_info=&#8221;{}&#8221;][\/et_pb_image][\/et_pb_column][\/et_pb_row][\/et_pb_section][et_pb_section fb_built=&#8221;1&#8243; module_id=&#8221;precio&#8221; _builder_version=&#8221;4.16&#8243; custom_padding=&#8221;0|0px|0|0px&#8221; [&hellip;]<\/p>\n","protected":false},"author":1,"featured_media":0,"parent":0,"menu_order":0,"comment_status":"closed","ping_status":"closed","template":"","meta":{"_et_pb_use_builder":"","_et_pb_old_content":"","_et_gb_content_width":"","footnotes":""},"class_list":["post-22989","page","type-page","status-publish","hentry"],"aioseo_notices":[],"_links":{"self":[{"href":"https:\/\/www.cetm.es\/en\/wp-json\/wp\/v2\/pages\/22989","targetHints":{"allow":["GET"]}}],"collection":[{"href":"https:\/\/www.cetm.es\/en\/wp-json\/wp\/v2\/pages"}],"about":[{"href":"https:\/\/www.cetm.es\/en\/wp-json\/wp\/v2\/types\/page"}],"author":[{"embeddable":true,"href":"https:\/\/www.cetm.es\/en\/wp-json\/wp\/v2\/users\/1"}],"replies":[{"embeddable":true,"href":"https:\/\/www.cetm.es\/en\/wp-json\/wp\/v2\/comments?post=22989"}],"version-history":[{"count":0,"href":"https:\/\/www.cetm.es\/en\/wp-json\/wp\/v2\/pages\/22989\/revisions"}],"wp:attachment":[{"href":"https:\/\/www.cetm.es\/en\/wp-json\/wp\/v2\/media?parent=22989"}],"curies":[{"name":"wp","href":"https:\/\/api.w.org\/{rel}","templated":true}]}}